{"id":2404,"date":"2014-10-29T11:00:52","date_gmt":"2014-10-29T11:00:52","guid":{"rendered":"http:\/\/sinkovec-transport.si\/unternehmen\/"},"modified":"2025-03-20T09:29:07","modified_gmt":"2025-03-20T09:29:07","slug":"unternehmen","status":"publish","type":"page","link":"https:\/\/sinkovec-transport.si\/de\/unternehmen\/","title":{"rendered":"UNTERNEHMEN"},"content":{"rendered":"<p>[vc_row bg_parallax=&#8221;off&#8221; bg_scroll=&#8221;h,-1&#8243; font_color=&#8221;#ffffff&#8221; css=&#8221;.vc_custom_1414581296173{margin-top: 0px !important;margin-bottom: 0px !important;padding-top: 100px !important;padding-bottom: 100px !important;background-image: url(http:\/\/s3.amazonaws.com\/logistic\/uploads\/2014\/10\/corporat_collage.jpg?id=94) !important;}&#8221;][vc_column][vc_column_text]<\/p>\n<h1 style=\"text-align: center;\">Unternehmen<\/h1>\n<p>&nbsp;<\/p>\n<p>&nbsp;<\/p>\n<p>&nbsp;<\/p>\n<p>&nbsp;<\/p>\n<h3><span style=\"color: #ff0000;\">LANGE TRADITION und UNSERE FUHRPARK\u00a0<\/span><\/h3>\n<h3><span style=\"color: #ff0000;\">\u00a0<\/span><\/h3>\n<h3><span style=\"color: #ff0000;\">\u00a0 \u00a0 \u00a0 \u00a0 \u00a0 \u00a0 \u00a0 \u00a0 \u00a0 \u00a0 \u00a0 \u00a0 \u00a0 \u00a0 \u00a0 \u00a0 \u00a0 \u00a0 \u00a0 \u00a0 \u00a0 \u00a0 \u00a0 \u00a0 \u00a0 \u00a0 \u00a0 \u00a0 \u00a0 LAGERUNG UND VERLADUNG in Ljubljana<\/span><\/h3>\n<p>&nbsp;<\/p>\n<p>&nbsp;<\/p>\n<p>&nbsp;<\/p>\n<p>&nbsp;<\/p>\n<p>[\/vc_column_text][vc_row_inner][vc_column_inner width=&#8221;1\/3&#8243;]<span id=\"ozy_icon_3041\" class=\"ozy-icon  wpb_content_element align-center xxlarge clean icon oic-flaticon4-delivery42 \" style=\";color:#ff0000\" ><\/span><div class=\"ozy-counter wpb_content_element \" style=\"color:#ffffff\"><div class=\"timer\" data-sign=\"\" data-signpos=\"right\" data-from=\"0\" data-to=\"18\">0<\/div><div class=\"hr\" style=\"background-color:#ffffff\"><\/div><span>MITARBEITER<\/span><\/div>[\/vc_column_inner][vc_column_inner width=&#8221;1\/3&#8243;]<span id=\"ozy_icon_8684\" class=\"ozy-icon  wpb_content_element align-center xxlarge clean icon oic-flaticon6-truck \" style=\";color:#ff0000\" ><\/span><div class=\"ozy-counter wpb_content_element \" style=\"color:#ffffff\"><div class=\"timer\" data-sign=\"\" data-signpos=\"right\" data-from=\"0\" data-to=\"15\">0<\/div><div class=\"hr\" style=\"background-color:#ffffff\"><\/div><span>SCHLEPPFAHZEUGE<\/span><\/div>[\/vc_column_inner][vc_column_inner width=&#8221;1\/3&#8243;]<span id=\"ozy_icon_4024\" class=\"ozy-icon  wpb_content_element align-center xxlarge clean icon oic-flaticon5-truck-1 \" style=\";color:#ff0000\" ><\/span><div class=\"ozy-counter wpb_content_element \" style=\"color:#ffffff\"><div class=\"timer\" data-sign=\"\" data-signpos=\"right\" data-from=\"0\" data-to=\"20\">0<\/div><div class=\"hr\" style=\"background-color:#ffffff\"><\/div><span>ANH\u00c4NGERFAHRZEUGE<\/span><\/div>[\/vc_column_inner][\/vc_row_inner][\/vc_column][\/vc_row][vc_row bg_parallax=&#8221;off&#8221; css=&#8221;.vc_custom_1414616349744{margin-top: 0px !important;margin-bottom: 0px !important;padding-top: 60px !important;padding-bottom: 0px !important;}&#8221;][vc_column][vc_column_text]<\/p>\n<h5>Wir sind ein Unternehmen mit langer Tradition und einer eigenen Flotte, die auch aufgrund der Bed\u00fcrfnisse des Marktes w\u00e4chst. Unsere Mitarbeiter stellen sicher, dass unsere Kunden mehr als zufrieden sind, denn wir versuchen in k\u00fcrzester Zeit ihre Bed\u00fcrfnisse und W\u00fcnsche zufriedenzustellen. Viel Einsatz investieren wir in den technologischen Fortschritt, Entwicklung und Modernisierung von G\u00fcterfahrzeugen und Ausbildung der Fahrer.<\/h5>\n<p>[\/vc_column_text][vc_separator][vc_column_text]<\/p>\n<h5>Wegen P\u00fcnktlichkeit, Leistungsbereitschaft, Zuverl\u00e4ssigkeit und hochwertigem Fuhrpark sowie Erledigung von Dienstleistungen sind wir in ganz Slowenien, Frankreich, Italien, Spanien, als auch in anderen Nachbar- und europ\u00e4ischen L\u00e4nder erkenntlich geworden. Neben Transport- und Logistikdienstleistungen bieten wir auch Lagerung und Verladung der Waren in der Hauptstadt von Slowenien \u2013 Ljubljana (Lesno Brdo, VRHNIKA).<\/h5>\n<p>[\/vc_column_text][\/vc_column][\/vc_row][vc_row bg_parallax=&#8221;off&#8221; css=&#8221;.vc_custom_1461015519702{margin-top: 0px !important;margin-bottom: 0px !important;padding-top: 60px !important;padding-bottom: 20px !important;background-color: #edf4f6 !important;}&#8221;][vc_column width=&#8221;1\/2&#8243;]<h3 class=\"ozy-divider-cap-left wpb_content_element\">PRINZIPIEN<\/h3><div class=\"ozy-content-divider \" style=\"border-top-style:solid;border-top-width:2px;border-top-color:#ff0000;width:40px;max-width:40px;float:left;\"><\/div>[vc_column_text css=&#8221;.vc_custom_1474906150204{padding-top: 20px !important;}&#8221;]Unser Unternehmen ist folgenden Prinzipien treu:<\/p>\n<ul>\n<li>P\u00fcnktlichkeit und Zuverl\u00e4ssigkeit<\/li>\n<li>Ber\u00fccksichtigung vereinbarten Fristen<\/li>\n<li>Anpassungsf\u00e4higkeit an notwendige Situationen<\/li>\n<li>Fachlichkeit, Pr\u00e4zision<\/li>\n<li>Spezialisiertheit<\/li>\n<li>Schnelligkeit, Dynamik, Flexibilit\u00e4t<\/li>\n<li>Mobilit\u00e4t und Zug\u00e4nglichkeit<\/li>\n<li>Qualit\u00e4t<\/li>\n<li>Ber\u00fccksichtigung individueller Bed\u00fcrfnisse und W\u00fcnsche<\/li>\n<\/ul>\n<p>[\/vc_column_text][\/vc_column][vc_column width=&#8221;1\/2&#8243;][vc_single_image image=&#8221;2636&#8243; img_size=&#8221;600X300&#8243;][\/vc_column][\/vc_row]<\/p>\n","protected":false},"excerpt":{"rendered":"<p>[vc_row bg_parallax=&#8221;off&#8221; bg_scroll=&#8221;h,-1&#8243; font_color=&#8221;#ffffff&#8221; css=&#8221;.vc_custom_1414581296173{margin-top: 0px !important;margin-bottom: 0px !important;padding-top: 100px !important;padding-bottom: 100px !important;background-image: url(http:\/\/s3.amazonaws.com\/logistic\/uploads\/2014\/10\/corporat_collage.jpg?id=94) !important;}&#8221;][vc_column][vc_column_text] Unternehmen &nbsp; &nbsp; &nbsp; &nbsp; LANGE TRADITION und UNSERE FUHRPARK\u00a0 \u00a0 \u00a0 \u00a0 \u00a0 \u00a0 [&hellip;]<\/p>\n","protected":false},"author":1,"featured_media":0,"parent":0,"menu_order":0,"comment_status":"closed","ping_status":"closed","template":"","meta":{"footnotes":""},"class_list":["post-2404","page","type-page","status-publish","hentry"],"aioseo_notices":[],"_links":{"self":[{"href":"https:\/\/sinkovec-transport.si\/de\/wp-json\/wp\/v2\/pages\/2404","targetHints":{"allow":["GET"]}}],"collection":[{"href":"https:\/\/sinkovec-transport.si\/de\/wp-json\/wp\/v2\/pages"}],"about":[{"href":"https:\/\/sinkovec-transport.si\/de\/wp-json\/wp\/v2\/types\/page"}],"author":[{"embeddable":true,"href":"https:\/\/sinkovec-transport.si\/de\/wp-json\/wp\/v2\/users\/1"}],"replies":[{"embeddable":true,"href":"https:\/\/sinkovec-transport.si\/de\/wp-json\/wp\/v2\/comments?post=2404"}],"version-history":[{"count":3,"href":"https:\/\/sinkovec-transport.si\/de\/wp-json\/wp\/v2\/pages\/2404\/revisions"}],"predecessor-version":[{"id":2953,"href":"https:\/\/sinkovec-transport.si\/de\/wp-json\/wp\/v2\/pages\/2404\/revisions\/2953"}],"wp:attachment":[{"href":"https:\/\/sinkovec-transport.si\/de\/wp-json\/wp\/v2\/media?parent=2404"}],"curies":[{"name":"wp","href":"https:\/\/api.w.org\/{rel}","templated":true}]}}