{"id":2400,"date":"2014-10-27T11:50:59","date_gmt":"2014-10-27T11:50:59","guid":{"rendered":"http:\/\/sinkovec-transport.si\/contactez-nous\/"},"modified":"2025-03-20T09:52:59","modified_gmt":"2025-03-20T09:52:59","slug":"contactez-nous","status":"publish","type":"page","link":"https:\/\/sinkovec-transport.si\/fr\/contactez-nous\/","title":{"rendered":"CONTACTEZ-NOUS"},"content":{"rendered":"<p>[vc_row bg_parallax=&#8221;off&#8221; css=&#8221;.vc_custom_1414939396526{margin-top: 0px !important;padding-top: 40px !important;}&#8221;][vc_column width=&#8221;1\/2&#8243;][vc_column_text]<\/p>\n<h1><\/h1>\n<h1><\/h1>\n<h1><\/h1>\n<h1><\/h1>\n<h1><span style=\"color: #ff0000;\"><strong>COORDONN\u00c9ES<\/strong><\/span><\/h1>\n<p>&nbsp;<\/p>\n<p><em>Entreprise: <\/em><strong>\u0160INKOVEC TRANSPORT, LOGISTIKA, D. O. O<\/strong><\/p>\n<p><em>Si\u00e8ge:<\/em><strong>Po\u017earnice 106, Vnanje Gorice, 1351 Brezovica pri Ljubljani, Slovenija<\/strong><strong><br \/>\n<\/strong><em>Zone industrielle : <\/em><strong>Lesno Brdo 17, 1360 Vrhnika<br \/>\n<\/strong><em>Num\u00e9ro d&#8217;identification fiscale: <\/em><strong>SI87501805<br \/>\n<\/strong><em>Num\u00e9ro d&#8217;immatriculation: <\/em><strong>6129218000<br \/>\n<\/strong><em>Compte de transaction: <\/em><strong>SI56 0400 0027 9027 231 <\/strong><em>pri OTP banka d. d.<br \/>\n<\/em>[\/vc_column_text]<div class=\"ozy-google-map\" \n\t\t\tdata-address=\"Lesno Brdo 17, 1360 Vrhnika\" \n\t\t\tdata-zoom=\"11\" \n\t\t\tdata-hue=\"#ff0000\" \n\t\t\tdata-saturation=\"-30\" \n\t\t\tdata-lightness=\"0\" \n\t\t\tdata-icon=\"\" style=\"height:350px\"><\/div>[\/vc_column][vc_column width=&#8221;1\/2&#8243;]<div id=\"tile-with-icon_icon5339\" class=\"title-with-icon-wrapper rectangle xlarge \" data-color=\"\"><div class=\"wpb_content_element title-with-icon clearfix \"><span  class=\"oic-email-mail-streamline rectangle xlarge \" ><\/span><h1 class=\"content-color\" style=\"\">\u00c9CRIRE!<\/h1><\/div><\/div>\n<div class=\"wpcf7 no-js\" id=\"wpcf7-f1766-o1\" lang=\"sl-SI\" dir=\"ltr\" data-wpcf7-id=\"1766\">\n<div class=\"screen-reader-response\"><p role=\"status\" aria-live=\"polite\" aria-atomic=\"true\"><\/p> <ul><\/ul><\/div>\n<form action=\"\/fr\/wp-json\/wp\/v2\/pages\/2400#wpcf7-f1766-o1\" method=\"post\" class=\"wpcf7-form init\" aria-label=\"Kontaktni obrazec\" novalidate=\"novalidate\" data-status=\"init\">\n<fieldset class=\"hidden-fields-container\"><input type=\"hidden\" name=\"_wpcf7\" value=\"1766\" \/><input type=\"hidden\" name=\"_wpcf7_version\" value=\"6.1.5\" \/><input type=\"hidden\" name=\"_wpcf7_locale\" value=\"sl_SI\" \/><input type=\"hidden\" name=\"_wpcf7_unit_tag\" value=\"wpcf7-f1766-o1\" \/><input type=\"hidden\" name=\"_wpcf7_container_post\" value=\"0\" \/><input type=\"hidden\" name=\"_wpcf7_posted_data_hash\" value=\"\" \/><input type=\"hidden\" name=\"_wpcf7_recaptcha_response\" value=\"\" \/>\n<\/fieldset>\n<p><label> Entreprise (*)<br \/>\n<span class=\"wpcf7-form-control-wrap\" data-name=\"Podjetje\"><input size=\"40\" maxlength=\"400\" class=\"wpcf7-form-control wpcf7-text wpcf7-validates-as-required\" aria-required=\"true\" aria-invalid=\"false\" value=\"\" type=\"text\" name=\"Podjetje\" \/><\/span> <\/label>\n<\/p>\n<p><label> Pr\u00e9nom et nom (*)<br \/>\n<span class=\"wpcf7-form-control-wrap\" data-name=\"your-name\"><input size=\"40\" maxlength=\"400\" class=\"wpcf7-form-control wpcf7-text wpcf7-validates-as-required\" aria-required=\"true\" aria-invalid=\"false\" value=\"\" type=\"text\" name=\"your-name\" \/><\/span> <\/label>\n<\/p>\n<p><label> E-mail (*)<br \/>\n<span class=\"wpcf7-form-control-wrap\" data-name=\"your-email\"><input size=\"40\" maxlength=\"400\" class=\"wpcf7-form-control wpcf7-email wpcf7-validates-as-required wpcf7-text wpcf7-validates-as-email\" aria-required=\"true\" aria-invalid=\"false\" value=\"\" type=\"email\" name=\"your-email\" \/><\/span> <\/label>\n<\/p>\n<p><label> T\u00e9l\u00e9phone<br \/>\n<span class=\"wpcf7-form-control-wrap\" data-name=\"tel-859\"><input size=\"40\" maxlength=\"400\" class=\"wpcf7-form-control wpcf7-tel wpcf7-text wpcf7-validates-as-tel\" aria-invalid=\"false\" value=\"\" type=\"tel\" name=\"tel-859\" \/><\/span> <\/label>\n<\/p>\n<p><label> Votre question<br \/>\n<span class=\"wpcf7-form-control-wrap\" data-name=\"your-message\"><textarea cols=\"40\" rows=\"10\" maxlength=\"2000\" class=\"wpcf7-form-control wpcf7-textarea\" aria-invalid=\"false\" name=\"your-message\"><\/textarea><\/span> <\/label>\n<\/p>\n\n<p><input class=\"wpcf7-form-control wpcf7-submit has-spinner\" type=\"submit\" value=\"Envoyer\" \/>\n<\/p><p style=\"display: none !important;\" class=\"akismet-fields-container\" data-prefix=\"_wpcf7_ak_\"><label>&#916;<textarea name=\"_wpcf7_ak_hp_textarea\" cols=\"45\" rows=\"8\" maxlength=\"100\"><\/textarea><\/label><input type=\"hidden\" id=\"ak_js_1\" name=\"_wpcf7_ak_js\" value=\"63\"\/><script>document.getElementById( \"ak_js_1\" ).setAttribute( \"value\", ( new Date() ).getTime() );<\/script><\/p><div class=\"wpcf7-response-output\" aria-hidden=\"true\"><\/div>\n<\/form>\n<\/div>\n[\/vc_column][\/vc_row][vc_row][vc_column]<fieldset class=\"ozy-content-divider  wpb_content_element\" style=\"border-top-style:solid;border-top-width:1px\"><\/fieldset>[\/vc_column][\/vc_row][vc_row][vc_column width=&#8221;1\/2&#8243;][vc_column_text]<strong>LOGISTIQUE &amp; COMMERCIAL<\/strong><\/p>\n<p><strong>\u0160inkovec Dejan<\/strong><br \/>\nT\u00e9l\u00e9phone portable: +386 (0)41 331 893<br \/>\nT\u00e9l\u00e9phone fixe: +386 (0)1 29 26 100<br \/>\nFax: +386 (0)1 29 26 101<br \/>\nE-mail: <a href=\"mailto:info@sinkovec-transport.si\">info@sinkovec-transport.si<\/a>[\/vc_column_text][\/vc_column][vc_column width=&#8221;1\/2&#8243;][vc_column_text]<strong>ADMINISTRATION ET COMPTABILIT\u00c9<\/strong><\/p>\n<p><strong>\u0160inkovec Ho\u010devar Ur\u0161ka et Zajc Petra<br \/>\n<\/strong>T\u00e9l\u00e9phone portable: +386 (0)31 579 452<br \/>\nT\u00e9l\u00e9phone fixe: +386 (0)1 29 26 102<br \/>\nFax: +386 (0)1 29 26 101<br \/>\nE-mail: <a href=\"mailto:office@sinkovec-transport.si\">office@sinkovec-transport.si<\/a>[\/vc_column_text][\/vc_column][\/vc_row][vc_row][vc_column]<fieldset class=\"ozy-content-divider  wpb_content_element\" style=\"border-top-style:solid;border-top-width:1px\"><\/fieldset>[\/vc_column][\/vc_row][vc_row][vc_column width=&#8221;1\/2&#8243;][\/vc_column][vc_column width=&#8221;1\/2&#8243;][\/vc_column][\/vc_row]<\/p>\n","protected":false},"excerpt":{"rendered":"<p>[vc_row bg_parallax=&#8221;off&#8221; css=&#8221;.vc_custom_1414939396526{margin-top: 0px !important;padding-top: 40px !important;}&#8221;][vc_column width=&#8221;1\/2&#8243;][vc_column_text] COORDONN\u00c9ES &nbsp; Entreprise: \u0160INKOVEC TRANSPORT, LOGISTIKA, D. O. O Si\u00e8ge:Po\u017earnice 106, Vnanje Gorice, 1351 Brezovica pri Ljubljani, Slovenija Zone industrielle : Lesno [&hellip;]<\/p>\n","protected":false},"author":1,"featured_media":0,"parent":0,"menu_order":0,"comment_status":"closed","ping_status":"closed","template":"","meta":{"footnotes":""},"class_list":["post-2400","page","type-page","status-publish","hentry"],"aioseo_notices":[],"_links":{"self":[{"href":"https:\/\/sinkovec-transport.si\/fr\/wp-json\/wp\/v2\/pages\/2400","targetHints":{"allow":["GET"]}}],"collection":[{"href":"https:\/\/sinkovec-transport.si\/fr\/wp-json\/wp\/v2\/pages"}],"about":[{"href":"https:\/\/sinkovec-transport.si\/fr\/wp-json\/wp\/v2\/types\/page"}],"author":[{"embeddable":true,"href":"https:\/\/sinkovec-transport.si\/fr\/wp-json\/wp\/v2\/users\/1"}],"replies":[{"embeddable":true,"href":"https:\/\/sinkovec-transport.si\/fr\/wp-json\/wp\/v2\/comments?post=2400"}],"version-history":[{"count":7,"href":"https:\/\/sinkovec-transport.si\/fr\/wp-json\/wp\/v2\/pages\/2400\/revisions"}],"predecessor-version":[{"id":2982,"href":"https:\/\/sinkovec-transport.si\/fr\/wp-json\/wp\/v2\/pages\/2400\/revisions\/2982"}],"wp:attachment":[{"href":"https:\/\/sinkovec-transport.si\/fr\/wp-json\/wp\/v2\/media?parent=2400"}],"curies":[{"name":"wp","href":"https:\/\/api.w.org\/{rel}","templated":true}]}}