{"id":2405,"date":"2014-10-29T11:00:52","date_gmt":"2014-10-29T11:00:52","guid":{"rendered":"http:\/\/sinkovec-transport.si\/lentreprise\/"},"modified":"2025-03-20T09:31:38","modified_gmt":"2025-03-20T09:31:38","slug":"lentreprise","status":"publish","type":"page","link":"https:\/\/sinkovec-transport.si\/fr\/lentreprise\/","title":{"rendered":"L&#8217;ENTREPRISE"},"content":{"rendered":"<p>[vc_row bg_parallax=&#8221;off&#8221; bg_scroll=&#8221;h,-1&#8243; font_color=&#8221;#ffffff&#8221; css=&#8221;.vc_custom_1414581296173{margin-top: 0px !important;margin-bottom: 0px !important;padding-top: 100px !important;padding-bottom: 100px !important;background-image: url(http:\/\/s3.amazonaws.com\/logistic\/uploads\/2014\/10\/corporat_collage.jpg?id=94) !important;}&#8221;][vc_column][vc_column_text]<\/p>\n<h1 style=\"text-align: center;\">L&#8217;entreprise<\/h1>\n<p>&nbsp;<\/p>\n<h3><\/h3>\n<h3><\/h3>\n<p>&nbsp;<\/p>\n<p>&nbsp;<\/p>\n<p>&nbsp;<\/p>\n<h3><\/h3>\n<h3><span style=\"color: #ff0000;\">LONGUE TRADITION \/ VOTRE PROPRE FLOTTE<\/span><\/h3>\n<h3><span style=\"color: #ff0000;\">\u00a0<\/span><\/h3>\n<h3><span style=\"color: #ff0000;\">\u00a0 \u00a0 \u00a0 \u00a0 \u00a0 \u00a0 \u00a0 \u00a0 \u00a0 \u00a0 \u00a0 \u00a0 \u00a0 \u00a0 \u00a0 \u00a0 \u00a0 \u00a0 \u00a0 \u00a0 \u00a0 \u00a0 \u00a0 \u00a0 \u00a0 \u00a0 \u00a0 \u00a0 \u00a0 STOCKAGE ET MANUTENTION &#8211; Ljubljana<\/span><\/h3>\n<h3><span style=\"color: #ff0000;\">\u00a0 \u00a0 \u00a0 \u00a0 \u00a0 \u00a0 \u00a0<\/span><\/h3>\n<h3><span style=\"color: #ff0000;\">\u00a0 \u00a0 \u00a0 \u00a0 \u00a0 \u00a0 \u00a0 \u00a0 \u00a0 \u00a0 \u00a0 \u00a0 \u00a0 \u00a0 \u00a0 \u00a0 \u00a0 \u00a0 \u00a0 \u00a0 \u00a0 \u00a0 \u00a0 \u00a0 \u00a0 \u00a0 \u00a0 \u00a0 \u00a0 \u00a0 \u00a0 \u00a0 \u00a0 \u00a0 \u00a0 \u00a0<\/span><\/h3>\n<p><span style=\"color: #ff0000;\">\u00a0\u00a0<\/span><\/p>\n<p>&nbsp;<\/p>\n<p>[\/vc_column_text][vc_row_inner][vc_column_inner width=&#8221;1\/3&#8243;]<span id=\"ozy_icon_9041\" class=\"ozy-icon  wpb_content_element align-center xxlarge clean icon oic-flaticon4-delivery42 \" style=\";color:#ff0000\" ><\/span><div class=\"ozy-counter wpb_content_element \" style=\"color:#ffffff\"><div class=\"timer\" data-sign=\"\" data-signpos=\"right\" data-from=\"0\" data-to=\"18\">0<\/div><div class=\"hr\" style=\"background-color:#ffffff\"><\/div><span>EMPLOYES<\/span><\/div>[\/vc_column_inner][vc_column_inner width=&#8221;1\/3&#8243;]<span id=\"ozy_icon_9122\" class=\"ozy-icon  wpb_content_element align-center xxlarge clean icon oic-flaticon6-truck \" style=\";color:#ff0000\" ><\/span><div class=\"ozy-counter wpb_content_element \" style=\"color:#ffffff\"><div class=\"timer\" data-sign=\"\" data-signpos=\"right\" data-from=\"0\" data-to=\"15\">0<\/div><div class=\"hr\" style=\"background-color:#ffffff\"><\/div><span>VEHICULES DE REMORQUAGE<\/span><\/div>[\/vc_column_inner][vc_column_inner width=&#8221;1\/3&#8243;]<span id=\"ozy_icon_8904\" class=\"ozy-icon  wpb_content_element align-center xxlarge clean icon oic-flaticon5-truck-1 \" style=\";color:#ff0000\" ><\/span><div class=\"ozy-counter wpb_content_element \" style=\"color:#ffffff\"><div class=\"timer\" data-sign=\"\" data-signpos=\"right\" data-from=\"0\" data-to=\"20\">0<\/div><div class=\"hr\" style=\"background-color:#ffffff\"><\/div><span>REMORQUES<\/span><\/div>[\/vc_column_inner][\/vc_row_inner][\/vc_column][\/vc_row][vc_row bg_parallax=&#8221;off&#8221; css=&#8221;.vc_custom_1414616349744{margin-top: 0px !important;margin-bottom: 0px !important;padding-top: 60px !important;padding-bottom: 0px !important;}&#8221;][vc_column][vc_column_text]<\/p>\n<h5>Nous sommes une entreprise avec une longue tradition dans notre propre flotte, qui cro\u00eet \u00e9galement en raison des besoins du march\u00e9. Nos employ\u00e9s s&#8217;occupent avec succ\u00e8s des n\u00f4tres\u00a0clients soient plus que satisfaits, parce que la soci\u00e9t\u00e9 s&#8217;efforce de r\u00e9pondre rapidement \u00e0 leurs besoins et leurs d\u00e9sirs. Nous investissons beaucoup dans le progr\u00e8s technologique, le d\u00e9veloppement et la modernisation des v\u00e9hicules utilitaires ainsi que dans la formation des conducteurs.<\/h5>\n<p>[\/vc_column_text][vc_separator][vc_column_text]<\/p>\n<h5>En raison de la pr\u00e9cision, du travail bien fait, de la fiabilit\u00e9 et de la qualit\u00e9 des v\u00e9hicules et des fournitures de services, nous sommes reconnus en Slov\u00e9nie, en France, en Italie, en Espagne, ainsi que dans les autres pays voisins et pays europ\u00e9ens. En plus du service de transport et de logistique, nous offrons \u00e9galement un service de stockage et d&#8217;exp\u00e9dition de fret dans la capitale de la Slov\u00e9nie &#8211; Ljubljana (Lesno Brdo, VRHNIKA).<\/h5>\n<p>[\/vc_column_text][\/vc_column][\/vc_row][vc_row bg_parallax=&#8221;off&#8221; css=&#8221;.vc_custom_1461015519702{margin-top: 0px !important;margin-bottom: 0px !important;padding-top: 60px !important;padding-bottom: 20px !important;background-color: #edf4f6 !important;}&#8221;][vc_column width=&#8221;1\/2&#8243;]<h3 class=\"ozy-divider-cap-left wpb_content_element\">PRINCIPE<\/h3><div class=\"ozy-content-divider \" style=\"border-top-style:solid;border-top-width:2px;border-top-color:#ff0000;width:40px;max-width:40px;float:left;\"><\/div>[vc_column_text css=&#8221;.vc_custom_1474963389793{padding-top: 20px !important;}&#8221;]Notre entreprise adh\u00e8re aux principes suivants :<\/p>\n<ul>\n<li>Ponctualit\u00e9 et fiabilit\u00e9<\/li>\n<li>Respect des d\u00e9lais convenus<\/li>\n<li>Flexibilit\u00e9 en cas d&#8217;urgence<\/li>\n<li>Professionnalisme, pr\u00e9cision<\/li>\n<li>Expertise<\/li>\n<li>Vitesse, dynamisme, flexibilit\u00e9<\/li>\n<li>Mobilit\u00e9 et accessibilit\u00e9<\/li>\n<li>Qualit\u00e9<\/li>\n<li>Prise en compte des besoins et des demandes sp\u00e9cifiques<\/li>\n<\/ul>\n<p>[\/vc_column_text][\/vc_column][vc_column width=&#8221;1\/2&#8243;][vc_single_image image=&#8221;2731&#8243; img_size=&#8221;600&#215;300&#8243;][\/vc_column][\/vc_row]<\/p>\n","protected":false},"excerpt":{"rendered":"<p>[vc_row bg_parallax=&#8221;off&#8221; bg_scroll=&#8221;h,-1&#8243; font_color=&#8221;#ffffff&#8221; css=&#8221;.vc_custom_1414581296173{margin-top: 0px !important;margin-bottom: 0px !important;padding-top: 100px !important;padding-bottom: 100px !important;background-image: url(http:\/\/s3.amazonaws.com\/logistic\/uploads\/2014\/10\/corporat_collage.jpg?id=94) !important;}&#8221;][vc_column][vc_column_text] L&#8217;entreprise &nbsp; &nbsp; &nbsp; &nbsp; LONGUE TRADITION \/ VOTRE PROPRE FLOTTE \u00a0 \u00a0 \u00a0 \u00a0 [&hellip;]<\/p>\n","protected":false},"author":1,"featured_media":0,"parent":0,"menu_order":0,"comment_status":"closed","ping_status":"closed","template":"","meta":{"footnotes":""},"class_list":["post-2405","page","type-page","status-publish","hentry"],"aioseo_notices":[],"_links":{"self":[{"href":"https:\/\/sinkovec-transport.si\/fr\/wp-json\/wp\/v2\/pages\/2405","targetHints":{"allow":["GET"]}}],"collection":[{"href":"https:\/\/sinkovec-transport.si\/fr\/wp-json\/wp\/v2\/pages"}],"about":[{"href":"https:\/\/sinkovec-transport.si\/fr\/wp-json\/wp\/v2\/types\/page"}],"author":[{"embeddable":true,"href":"https:\/\/sinkovec-transport.si\/fr\/wp-json\/wp\/v2\/users\/1"}],"replies":[{"embeddable":true,"href":"https:\/\/sinkovec-transport.si\/fr\/wp-json\/wp\/v2\/comments?post=2405"}],"version-history":[{"count":4,"href":"https:\/\/sinkovec-transport.si\/fr\/wp-json\/wp\/v2\/pages\/2405\/revisions"}],"predecessor-version":[{"id":2960,"href":"https:\/\/sinkovec-transport.si\/fr\/wp-json\/wp\/v2\/pages\/2405\/revisions\/2960"}],"wp:attachment":[{"href":"https:\/\/sinkovec-transport.si\/fr\/wp-json\/wp\/v2\/media?parent=2405"}],"curies":[{"name":"wp","href":"https:\/\/api.w.org\/{rel}","templated":true}]}}