{"id":2410,"date":"2014-10-29T22:11:20","date_gmt":"2014-10-29T22:11:20","guid":{"rendered":"http:\/\/sinkovec-transport.si\/parc-automobile\/"},"modified":"2025-03-20T10:07:11","modified_gmt":"2025-03-20T10:07:11","slug":"parc-automobile","status":"publish","type":"page","link":"https:\/\/sinkovec-transport.si\/fr\/parc-automobile\/","title":{"rendered":"PARC AUTOMOBILE"},"content":{"rendered":"<p>[vc_row css=&#8221;.vc_custom_1543309722260{padding-top: 3% !important;}&#8221;][vc_column][vc_custom_heading text=&#8221;Parc Automobile&#8221; font_container=&#8221;tag:h2|font_size:70|text_align:center|color:%23ff0000|line_height:72px&#8221; google_fonts=&#8221;font_family:Playfair%20Display%3Aregular%2Citalic%2C700%2C700italic%2C900%2C900italic|font_style:400%20regular%3A400%3Anormal&#8221;][vc_column_text css=&#8221;.vc_custom_1538732353796{padding-right: 15% !important;padding-left: 15% !important;}&#8221;]<\/p>\n<h4><\/h4>\n<h4><\/h4>\n<h4><\/h4>\n<p>&nbsp;<\/p>\n<p>&nbsp;<\/p>\n<h4><\/h4>\n<h4 style=\"text-align: center;\">Nos v\u00e9hicules sont parmi les v\u00e9hicules \u00e9cologiques les plus modernes avec des moteurs EURO 6.\u00a0 \u00c9tant donn\u00e9 que tous les v\u00e9hicules de notre parc automobile sont \u00e9quip\u00e9s d&#8217;un syst\u00e8me de surveillance moderne, les exp\u00e9diteurs peuvent rester inform\u00e9s de l&#8217;emplacement en temps r\u00e9el de leurs v\u00e9hicules.<\/h4>\n<h4 style=\"text-align: center;\">Tous nos v\u00e9hicules disposent d&#8217;un \u00e9quipement ADR pour le transport de mati\u00e8res dangereuses ou de mat\u00e9riaux combustibles, d&#8217;un \u00e9quipement de s\u00e9curit\u00e9 pour la fixation des diff\u00e9rents chargements, d&#8217;un traceur GPS, de t\u00e9l\u00e9phone et sont conduits par des conducteurs exp\u00e9riment\u00e9s. Nous pouvons \u00e9galement transporter les d\u00e9chets avec une fausse \u00e0 bobine.<\/h4>\n<p>&nbsp;<\/p>\n<p>[\/vc_column_text][\/vc_column][\/vc_row][vc_row][vc_column]<div class=\"wpb_content_element\" style=\"text-align:center;\"><h2 style=\"border:0 solid #dd3333;background-color:#fff;color:#dd3333;padding:5px 10px;display:inline-block;\">TOUS NOS CAMIONS ET NOS VEHICULES DISPOSENT D&#039;UN EQUIPEMENT ADR POUR LE TRANSPORT DE MATIERES INFLAMMABLES DANGEREUSES.<\/h2><\/div>[\/vc_column][\/vc_row][vc_row][vc_column width=&#8221;1\/6&#8243;][\/vc_column][vc_column width=&#8221;2\/3&#8243;][vc_single_image image=&#8221;2733&#8243; img_size=&#8221;full&#8221;][\/vc_column][vc_column width=&#8221;1\/6&#8243;][\/vc_column][\/vc_row][vc_row][vc_column width=&#8221;1\/2&#8243;]<div id=\"tile-with-icon_icon4263\" class=\"title-with-icon-wrapper rectangle xxlarge \" data-color=\"\"><div class=\"wpb_content_element title-with-icon clearfix margin-bottom-0 top-style\"><span  style=\"color:#dd3333 !important;background-color: !important;\" class=\"oic-flaticon6-truck rectangle xxlarge \" ><\/span><h2 class=\"content-color\" style=\"\">TRACTEURS ROUTIERS AVEC SEMI-REMORQUES TAUTLINER \u2013 102m\u00b3<\/h2><\/div><div class=\"wpb_content_element top-cs title-with-icon-content xxlarge clearfix\" style=\"\"><\/p>\n<p style=\"text-align: left;\">DIMENSIONS INT\u00c9RIEURES\u00a0<em>(longueur\/largeur\/hauteur): <\/em><\/p>\n<ul>\n<li style=\"text-align: left;\"><em>13,62m x 2,48m x 3,00m + toit ouvrant<br \/>\n<\/em><\/li>\n<\/ul>\n<p>&nbsp;<\/p>\n<p>NOMBRE D&#8217;ESPACE PALETTES EURO: 34<\/p>\n<p>CAPACIT\u00c9 DE CHARGE: 25.000 kg<\/div><\/div>[\/vc_column][vc_column width=&#8221;1\/2&#8243;]<div id=\"tile-with-icon_icon5881\" class=\"title-with-icon-wrapper rectangle xxlarge \" data-color=\"\"><div class=\"wpb_content_element title-with-icon clearfix margin-bottom-0 top-style\"><span  style=\"color:#dd3333 !important;background-color: !important;\" class=\"oic-flaticon6-truck rectangle xxlarge \" ><\/span><h2 class=\"content-color\" style=\"\">REMORQUES \/ JUMBO TANDEM \u2013 120m\u00b3<\/h2><\/div><div class=\"wpb_content_element top-cs title-with-icon-content xxlarge clearfix\" style=\"\"><\/p>\n<p style=\"text-align: left;\">DIMENSIONS INT\u00c9RIEURES\u00a0<em>(longueur\/largeur\/hauteur):<\/em><\/p>\n<ul>\n<li style=\"text-align: left;\">camion: 7,30m x 2,48m x 3,00m,<\/li>\n<li style=\"text-align: left;\">remorque: 8,20m x 2,48m x 3,10m + toit ouvrant<\/li>\n<\/ul>\n<p>&nbsp;<\/p>\n<p>NOMBRE D&#8217;ESPACE PALETTES EURO: 38<\/p>\n<p>CAPACIT\u00c9 DE CHARGE: 24.000 kg<\/div><\/div>[\/vc_column][\/vc_row][vc_row][vc_column][vc_gallery type=&#8221;image_grid&#8221; images=&#8221;2725,2726,2698,2727,2731,2058,2729,2728,2732,2734,2719,2266,2735,2736,3010,3005,3000,2995,2990,2985&#8243;][\/vc_column][\/vc_row]<\/p>\n","protected":false},"excerpt":{"rendered":"<p>[vc_row css=&#8221;.vc_custom_1543309722260{padding-top: 3% !important;}&#8221;][vc_column][vc_custom_heading text=&#8221;Parc Automobile&#8221; font_container=&#8221;tag:h2|font_size:70|text_align:center|color:%23ff0000|line_height:72px&#8221; google_fonts=&#8221;font_family:Playfair%20Display%3Aregular%2Citalic%2C700%2C700italic%2C900%2C900italic|font_style:400%20regular%3A400%3Anormal&#8221;][vc_column_text css=&#8221;.vc_custom_1538732353796{padding-right: 15% !important;padding-left: 15% !important;}&#8221;] &nbsp; &nbsp; Nos v\u00e9hicules sont parmi les v\u00e9hicules \u00e9cologiques les plus modernes avec des moteurs EURO 6.\u00a0 [&hellip;]<\/p>\n","protected":false},"author":1,"featured_media":0,"parent":0,"menu_order":0,"comment_status":"closed","ping_status":"closed","template":"","meta":{"footnotes":""},"class_list":["post-2410","page","type-page","status-publish","hentry"],"aioseo_notices":[],"_links":{"self":[{"href":"https:\/\/sinkovec-transport.si\/fr\/wp-json\/wp\/v2\/pages\/2410","targetHints":{"allow":["GET"]}}],"collection":[{"href":"https:\/\/sinkovec-transport.si\/fr\/wp-json\/wp\/v2\/pages"}],"about":[{"href":"https:\/\/sinkovec-transport.si\/fr\/wp-json\/wp\/v2\/types\/page"}],"author":[{"embeddable":true,"href":"https:\/\/sinkovec-transport.si\/fr\/wp-json\/wp\/v2\/users\/1"}],"replies":[{"embeddable":true,"href":"https:\/\/sinkovec-transport.si\/fr\/wp-json\/wp\/v2\/comments?post=2410"}],"version-history":[{"count":4,"href":"https:\/\/sinkovec-transport.si\/fr\/wp-json\/wp\/v2\/pages\/2410\/revisions"}],"predecessor-version":[{"id":3017,"href":"https:\/\/sinkovec-transport.si\/fr\/wp-json\/wp\/v2\/pages\/2410\/revisions\/3017"}],"wp:attachment":[{"href":"https:\/\/sinkovec-transport.si\/fr\/wp-json\/wp\/v2\/media?parent=2410"}],"curies":[{"name":"wp","href":"https:\/\/api.w.org\/{rel}","templated":true}]}}