{"id":2415,"date":"2014-10-31T21:18:20","date_gmt":"2014-10-31T21:18:20","guid":{"rendered":"http:\/\/sinkovec-transport.si\/services\/"},"modified":"2025-03-20T09:45:07","modified_gmt":"2025-03-20T09:45:07","slug":"services","status":"publish","type":"page","link":"https:\/\/sinkovec-transport.si\/fr\/services\/","title":{"rendered":"SERVICES"},"content":{"rendered":"<p>[vc_row bg_parallax=&#8221;off&#8221; bg_scroll=&#8221;h,-1&#8243; bottom_button=&#8221;on&#8221; bottom_button_color=&#8221;#ffffff&#8221; css=&#8221;.vc_custom_1461016079849{margin-top: 0px !important;margin-bottom: 0px !important;padding-top: 190px !important;padding-bottom: 190px !important;background-image: url(http:\/\/s3.amazonaws.com\/logistic\/uploads\/2014\/10\/logistic_bg.jpg?id=239) !important;}&#8221; row_min_height=&#8221;700px&#8221; bottom_button_icon=&#8221;oic-down-open-big&#8221; bottom_button_link=&#8221;#section01&#8243; font_color=&#8221;#ffffff&#8221;][vc_column]<div class=\"ozy-floating-box\" style=\"height:300px;text-align:center\"><div><div class=\"ozy-tlt\" style=\"width:100%;display:inline-block;text-align:center;color:#ffffff;font-weight:300;font-size:60px;line-height:70px\" data-display_time=\"3000\" data-in_effect=\"fadeIn\" data-in_effect_type=\"sync\" data-out_effect=\"fadeOut\" data-out_effect_type=\"sync\" data-loop=\"true\"><ul class=\"ozy-tlt-texts\" style=\"display: none\"><li>LOT COMPLET \/PARTIEL, GROUPAGE<\/li><li>ADR, MULDA, TRANSPORT DES DECHETS<\/li><li>STOCKAGE ET MANUTENTION<\/li><li>CONSULTING, EXPEDITION DE FRET ET DEDOUANEMENT<\/li><li><\/li><\/ul><\/div><fieldset class=\"ozy-content-divider  wpb_content_element\" style=\"border-top-style:solid;border-top-width:2px;border-top-color:#ff0000;width:400px;max-width:400px;margin:20px auto;\"><legend class=\"dcenter\" align=\"center\">\u0160inkovec Transport<\/legend><\/fieldset>[vc_column_text css=&#8221;.vc_custom_1538659371559{padding-right: 18% !important;padding-left: 18% !important;}&#8221;]<\/p>\n<h5><\/h5>\n<h5><\/h5>\n<p>&nbsp;<\/p>\n<h3><\/h3>\n<h3><\/h3>\n<h3 style=\"text-align: center;\"><\/h3>\n<p>&nbsp;<\/p>\n<h3 style=\"text-align: center;\"><em><span style=\"color: #999999;\">L&#8217;axe routier\u00a0 \u00a0 \u00a0<\/span><\/em><\/h3>\n<h5><\/h5>\n<h5 style=\"text-align: center;\"><\/h5>\n<h2 style=\"text-align: center;\"><strong><span style=\"color: #ff0000;\">SLOVENIE \u2013 FRANCE \u2013 SLOVENIE (ex-Yougoslavie)<\/span>\u00a0<\/strong><\/h2>\n<h5 style=\"text-align: center;\"><\/h5>\n<h5><\/h5>\n<h3 style=\"text-align: center;\"><span style=\"color: #999999;\"><em> est effectu\u00e9 quotidiennement.<\/em><\/span><\/h3>\n<p>[\/vc_column_text]<\/div><\/div>[\/vc_column][\/vc_row][vc_row bg_parallax=&#8221;off&#8221; css=&#8221;.vc_custom_1414791187765{margin-top: 0px !important;margin-bottom: 0px !important;padding-top: 70px !important;padding-bottom: 70px !important;}&#8221; row_id=&#8221;section01&#8243;][vc_column]<h1 class=\"ozy-divider-cap-center wpb_content_element\">SERVICES<\/h1><div class=\"ozy-content-divider \" style=\"border-top-style:solid;border-top-width:2px;border-top-color:#ff0000;width:40px;max-width:40px;margin:20px auto;\"><\/div>[vc_row_inner css=&#8221;.vc_custom_1414792164570{margin-bottom: 0px !important;padding-bottom: 0px !important;}&#8221;][vc_column_inner width=&#8221;1\/2&#8243;]<div id=\"tile-with-icon_icon8149\" class=\"title-with-icon-wrapper clear xlarge \" data-color=\"\"><div class=\"wpb_content_element title-with-icon clearfix margin-bottom-0 top-style\"><span  style=\"color:#ff0000 !important;background-color: !important;\" class=\"oic-flaticon6-truck clear xlarge \" ><\/span><h4 style=\"color:#6b6b6b\">National et international transport<\/h4><\/div><div class=\"wpb_content_element top-cs title-with-icon-content xlarge clearfix\" style=\"color:#6b6b6b\">Nos services comprennent le transport national et international, en lot complet \/partiel et en groupage. Avec nos lignes r\u00e9guli\u00e8res, nous couvrons les zones de l&#8217;Europe occidentale, en particulier la France, l&#8217;Espagne, l&#8217;Italie, l&#8217;Allemagne, l&#8217;Autriche, et nos services s&#8217;\u00e9tendent aussi dans les pays de l&#8217;ex-Yougoslavie. En tant que transporteur, nous b\u00e9n\u00e9ficions d&#8217;une autorisation multilat\u00e9rale CEMT, qui nous a permis le passage de l&#8217;Union europ\u00e9enne \u00e0 d&#8217;autres pays tiers en dehors de la zone de l&#8217;UE. En cas de besoins et demandes particuli\u00e8res de nos clients pour le transport de marchandises, qui ne peut \u00eatre r\u00e9alis\u00e9s avec nos v\u00e9hicules, nous coop\u00e9rons avec des sous-traitants fiables.<\/div><\/div>[\/vc_column_inner][vc_column_inner width=&#8221;1\/2&#8243;]<div id=\"tile-with-icon_icon4195\" class=\"title-with-icon-wrapper clear xlarge \" data-color=\"\"><div class=\"wpb_content_element title-with-icon clearfix margin-bottom-0 top-style\"><span  style=\"color:#f70000 !important;background-color: !important;\" class=\"oic-location clear xlarge \" ><\/span><h4 style=\"color:#6b6b6b\">Tra\u00e7abilit\u00e9<\/h4><\/div><div class=\"wpb_content_element top-cs title-with-icon-content xlarge clearfix\" style=\"color:#6b6b6b\">Tous nos v\u00e9hicules disposent d&#8217;un \u00e9quipement ADR pour le transport de mati\u00e8res dangereuses ou de mat\u00e9riaux combustibles, d&#8217;un \u00e9quipement de s\u00e9curit\u00e9 pour la fixation des diff\u00e9rents chargements, d&#8217;un traceur GPS, de t\u00e9l\u00e9phone et sont conduits par des conducteurs exp\u00e9riment\u00e9s. Nous pouvons \u00e9galement transporter les d\u00e9chets avec une fausse \u00e0 bobine.<\/p>\n<p>Pour plus de s\u00e9curit\u00e9 et de qualit\u00e9, nous avons un certificat sur toutes les remorques DIN EN 12642 XL.<\/p>\n<p>Nous avons \u00e9galement la possibilit\u00e9 de transporter des dangereux. substances inflammables, marchandises ADR, d\u00e9chets et transport avec bobine corite &#8211; muldo.<\/div><\/div>[\/vc_column_inner][\/vc_row_inner][vc_separator][vc_row_inner css=&#8221;.vc_custom_1414792164570{margin-bottom: 0px !important;padding-bottom: 0px !important;}&#8221;][vc_column_inner width=&#8221;1\/2&#8243;]<div id=\"tile-with-icon_icon4601\" class=\"title-with-icon-wrapper clear xlarge \" data-color=\"\"><div class=\"wpb_content_element title-with-icon clearfix margin-bottom-0 top-style\"><span  style=\"color:#ff0000 !important;background-color: !important;\" class=\"oic-wrench clear xlarge \" ><\/span><h4 style=\"color:#6b6b6b\">Entretien<\/h4><\/div><div class=\"wpb_content_element top-cs title-with-icon-content xlarge clearfix\" style=\"color:#6b6b6b\">L&#8217;entretien de nos v\u00e9hicules est effectu\u00e9 dans des centres de contr\u00f4le technique pour camions. Les petites r\u00e9parations sont prises en charge dans notre propre atelier ou sur le terrain. Cela garantit que nos v\u00e9hicules sont toujours pr\u00eats \u00e0 fonctionner.<\/div><\/div>[\/vc_column_inner][vc_column_inner width=&#8221;1\/2&#8243;]<div id=\"tile-with-icon_icon775\" class=\"title-with-icon-wrapper clear xlarge \" data-color=\"\"><div class=\"wpb_content_element title-with-icon clearfix margin-bottom-0 top-style\"><span  style=\"color:#ff0000 !important;background-color: !important;\" class=\"oic-factory-lift-streamline-warehouse clear xlarge \" ><\/span><h4 style=\"color:#6b6b6b\">Stockage<\/h4><\/div><div class=\"wpb_content_element top-cs title-with-icon-content xlarge clearfix\" style=\"color:#6b6b6b\">\u00c0 l&#8217;adresse Na Lesno Brdo 17, Vrhnika (pr\u00e8s de Ljubljana), nous avons aussi des entrep\u00f4ts de stockage -avec possibilit\u00e9 de stocker des marchandises, de transbordement et de reconditionnement. Les manipulations sont r\u00e9alis\u00e9es aussi bien manuellement qu&#8217;avec des chariots \u00e9l\u00e9vateurs diesel. En plus du service de base de transport et de stockage, nous proposons \u00e0 nos clients \u00e9galement des services de consulting dans d&#8217;autres domaines de la logistique, la transmission des services d&#8217;exp\u00e9dition de fret et de d\u00e9douanement des marchandises.<\/div><\/div>[\/vc_column_inner][\/vc_row_inner][\/vc_column][\/vc_row]<\/p>\n","protected":false},"excerpt":{"rendered":"<p>[vc_row bg_parallax=&#8221;off&#8221; bg_scroll=&#8221;h,-1&#8243; bottom_button=&#8221;on&#8221; bottom_button_color=&#8221;#ffffff&#8221; css=&#8221;.vc_custom_1461016079849{margin-top: 0px !important;margin-bottom: 0px !important;padding-top: 190px !important;padding-bottom: 190px !important;background-image: url(http:\/\/s3.amazonaws.com\/logistic\/uploads\/2014\/10\/logistic_bg.jpg?id=239) !important;}&#8221; row_min_height=&#8221;700px&#8221; bottom_button_icon=&#8221;oic-down-open-big&#8221; bottom_button_link=&#8221;#section01&#8243; font_color=&#8221;#ffffff&#8221;][vc_column][\/vc_column][\/vc_row][vc_row bg_parallax=&#8221;off&#8221; css=&#8221;.vc_custom_1414791187765{margin-top: 0px !important;margin-bottom: 0px !important;padding-top: 70px !important;padding-bottom: 70px !important;}&#8221; [&hellip;]<\/p>\n","protected":false},"author":1,"featured_media":0,"parent":0,"menu_order":0,"comment_status":"closed","ping_status":"closed","template":"","meta":{"footnotes":""},"class_list":["post-2415","page","type-page","status-publish","hentry"],"aioseo_notices":[],"_links":{"self":[{"href":"https:\/\/sinkovec-transport.si\/fr\/wp-json\/wp\/v2\/pages\/2415","targetHints":{"allow":["GET"]}}],"collection":[{"href":"https:\/\/sinkovec-transport.si\/fr\/wp-json\/wp\/v2\/pages"}],"about":[{"href":"https:\/\/sinkovec-transport.si\/fr\/wp-json\/wp\/v2\/types\/page"}],"author":[{"embeddable":true,"href":"https:\/\/sinkovec-transport.si\/fr\/wp-json\/wp\/v2\/users\/1"}],"replies":[{"embeddable":true,"href":"https:\/\/sinkovec-transport.si\/fr\/wp-json\/wp\/v2\/comments?post=2415"}],"version-history":[{"count":2,"href":"https:\/\/sinkovec-transport.si\/fr\/wp-json\/wp\/v2\/pages\/2415\/revisions"}],"predecessor-version":[{"id":2967,"href":"https:\/\/sinkovec-transport.si\/fr\/wp-json\/wp\/v2\/pages\/2415\/revisions\/2967"}],"wp:attachment":[{"href":"https:\/\/sinkovec-transport.si\/fr\/wp-json\/wp\/v2\/media?parent=2415"}],"curies":[{"name":"wp","href":"https:\/\/api.w.org\/{rel}","templated":true}]}}