{"id":2411,"date":"2014-10-29T22:11:20","date_gmt":"2014-10-29T22:11:20","guid":{"rendered":"http:\/\/sinkovec-transport.si\/parco-macchine\/"},"modified":"2025-03-20T10:13:08","modified_gmt":"2025-03-20T10:13:08","slug":"parco-macchine","status":"publish","type":"page","link":"https:\/\/sinkovec-transport.si\/it\/parco-macchine\/","title":{"rendered":"PARCO MACCHINE"},"content":{"rendered":"<p>[vc_row css=&#8221;.vc_custom_1543308882805{padding-top: 3% !important;}&#8221;][vc_column][vc_custom_heading text=&#8221;Parco Macchine&#8221; font_container=&#8221;tag:h2|font_size:70|text_align:center|color:%23ff0000|line_height:72px&#8221; google_fonts=&#8221;font_family:Playfair%20Display%3Aregular%2Citalic%2C700%2C700italic%2C900%2C900italic|font_style:400%20regular%3A400%3Anormal&#8221;][vc_column_text css=&#8221;.vc_custom_1538733260722{padding-right: 15% !important;padding-left: 15% !important;}&#8221;]<\/p>\n<h4><\/h4>\n<h4><\/h4>\n<h4><\/h4>\n<h4><\/h4>\n<p>&nbsp;<\/p>\n<h4><\/h4>\n<h4 style=\"text-align: center;\">I veicoli sono tra i pi\u00f9 moderni dal punto di vista ecologico, i motori sono EURO 6. Nei veicoli del nostro parco macchine \u00e8 integrato il modernissimo sistema per il controllo dei veicoli, perci\u00f2 i nostri committenti possono essere sempre aggiornati sulla localit\u00e0 momentanea dei veicoli.<\/h4>\n<h4 style=\"text-align: center;\">Tutti i veicoli hanno l\u2019attrezzatura ADR per il trasporto di sostanze pericolose ovvero infiammabili, i dispositivi di sicurezza per agganciare vari tipi di carichi, il sistema GPS per il controllo dei veicoli, telefoni e conducenti esperti. Offriamo anche il trasporto di rifiuti, il trasporto con il coil &#8211; mulda.<\/h4>\n<p>&nbsp;<\/p>\n<p>[\/vc_column_text][\/vc_column][\/vc_row][vc_row][vc_column]<div class=\"wpb_content_element\" style=\"text-align:center;\"><h2 style=\"border:0 solid #dd3333;background-color:#fff;color:#dd3333;padding:5px 10px;display:inline-block;\">Tutti gli autocarri sono provvisti dell\u2019attrezzatura adr per il trasporto di sostanze pericolose e infiammabili.<\/h2><\/div>[\/vc_column][\/vc_row][vc_row][vc_column width=&#8221;1\/6&#8243;][\/vc_column][vc_column width=&#8221;2\/3&#8243;][vc_single_image image=&#8221;2686&#8243; img_size=&#8221;full&#8221;][\/vc_column][vc_column width=&#8221;1\/6&#8243;][\/vc_column][\/vc_row][vc_row][vc_column width=&#8221;1\/2&#8243;]<div id=\"tile-with-icon_icon9856\" class=\"title-with-icon-wrapper rectangle xxlarge \" data-color=\"\"><div class=\"wpb_content_element title-with-icon clearfix margin-bottom-0 top-style\"><span  style=\"color:#dd3333 !important;background-color: !important;\" class=\"oic-flaticon6-truck rectangle xxlarge \" ><\/span><h2 class=\"content-color\" style=\"\">TRATTORI STRADALI CON SEMIRIMORCHI TAUTLINER\u2013 102m\u00b3<\/h2><\/div><div class=\"wpb_content_element top-cs title-with-icon-content xxlarge clearfix\" style=\"\"><\/p>\n<p style=\"text-align: left;\">DIMENSIONI INTERNE (lun\/lar\/alt):<\/p>\n<ul>\n<li style=\"text-align: left;\">13,62m x 2,48m x 3,00m + tettino apribile<\/li>\n<\/ul>\n<p>&nbsp;<\/p>\n<p>PIANO DI CARICO PER NO EURO PALLET: 34<\/p>\n<p>CAPACIT\u00c0: 25.000 kg<\/p>\n<p><em>\u00a0<\/em><\/div><\/div>[\/vc_column][vc_column width=&#8221;1\/2&#8243;]<div id=\"tile-with-icon_icon5307\" class=\"title-with-icon-wrapper rectangle xxlarge \" data-color=\"\"><div class=\"wpb_content_element title-with-icon clearfix margin-bottom-0 top-style\"><span  style=\"color:#dd3333 !important;background-color: !important;\" class=\"oic-flaticon6-truck rectangle xxlarge \" ><\/span><h2 class=\"content-color\" style=\"\">4x AUTOCARRI CON RIMORCHIO \/ JUMBO TANDEM \u2013 120m\u00b3<\/h2><\/div><div class=\"wpb_content_element top-cs title-with-icon-content xxlarge clearfix\" style=\"\"><\/p>\n<p style=\"text-align: left;\">DIMENSIONI INTERNE (lun\/lar\/alt):<\/p>\n<ul>\n<li style=\"text-align: left;\">camion: 7,30m x 2,48m x 3,00m,<\/li>\n<li style=\"text-align: left;\">rimorchio: 8,20m x 2,48m x 3,10m + tettino apribile<\/li>\n<\/ul>\n<p>&nbsp;<\/p>\n<p>PIANO DI CARICO PER NO EURO PALLET: 38<\/p>\n<p>CAPACIT\u00c0: 24.000 kg<\/div><\/div>[\/vc_column][\/vc_row][vc_row][vc_column][vc_gallery type=&#8221;image_grid&#8221; images=&#8221;2678,2679,2650,2680,2684,2058,2682,2681,2685,2687,2672,2263,2688,2689,3012,3007,3002,2997,2992,2987&#8243;][\/vc_column][\/vc_row]<\/p>\n","protected":false},"excerpt":{"rendered":"<p>[vc_row css=&#8221;.vc_custom_1543308882805{padding-top: 3% !important;}&#8221;][vc_column][vc_custom_heading text=&#8221;Parco Macchine&#8221; font_container=&#8221;tag:h2|font_size:70|text_align:center|color:%23ff0000|line_height:72px&#8221; google_fonts=&#8221;font_family:Playfair%20Display%3Aregular%2Citalic%2C700%2C700italic%2C900%2C900italic|font_style:400%20regular%3A400%3Anormal&#8221;][vc_column_text css=&#8221;.vc_custom_1538733260722{padding-right: 15% !important;padding-left: 15% !important;}&#8221;] &nbsp; I veicoli sono tra i pi\u00f9 moderni dal punto di vista ecologico, i motori sono EURO [&hellip;]<\/p>\n","protected":false},"author":1,"featured_media":0,"parent":0,"menu_order":0,"comment_status":"closed","ping_status":"closed","template":"","meta":{"footnotes":""},"class_list":["post-2411","page","type-page","status-publish","hentry"],"aioseo_notices":[],"_links":{"self":[{"href":"https:\/\/sinkovec-transport.si\/it\/wp-json\/wp\/v2\/pages\/2411","targetHints":{"allow":["GET"]}}],"collection":[{"href":"https:\/\/sinkovec-transport.si\/it\/wp-json\/wp\/v2\/pages"}],"about":[{"href":"https:\/\/sinkovec-transport.si\/it\/wp-json\/wp\/v2\/types\/page"}],"author":[{"embeddable":true,"href":"https:\/\/sinkovec-transport.si\/it\/wp-json\/wp\/v2\/users\/1"}],"replies":[{"embeddable":true,"href":"https:\/\/sinkovec-transport.si\/it\/wp-json\/wp\/v2\/comments?post=2411"}],"version-history":[{"count":5,"href":"https:\/\/sinkovec-transport.si\/it\/wp-json\/wp\/v2\/pages\/2411\/revisions"}],"predecessor-version":[{"id":3023,"href":"https:\/\/sinkovec-transport.si\/it\/wp-json\/wp\/v2\/pages\/2411\/revisions\/3023"}],"wp:attachment":[{"href":"https:\/\/sinkovec-transport.si\/it\/wp-json\/wp\/v2\/media?parent=2411"}],"curies":[{"name":"wp","href":"https:\/\/api.w.org\/{rel}","templated":true}]}}